{"id":66,"date":"2025-07-17T13:42:24","date_gmt":"2025-07-17T13:42:24","guid":{"rendered":"https:\/\/hellingerkft.hu\/?page_id=66"},"modified":"2025-09-10T13:35:03","modified_gmt":"2025-09-10T13:35:03","slug":"rolunk","status":"publish","type":"page","link":"https:\/\/hellingerkft.hu\/?page_id=66","title":{"rendered":"R\u00f3lunk"},"content":{"rendered":"\n<div class=\"wp-block-uagb-advanced-heading uagb-block-8c760322\"><h2 class=\"uagb-heading-text\">R\u00f3lunk<\/h2><div class=\"uagb-separator\"><\/div><\/div>\n\n\n<style>.gsbp-838aba7{display:flex;justify-content:center;flex-direction:column;align-items:center;padding-right:min(3vw,20px);padding-left:min(3vw,20px);margin-top:0px;margin-bottom:0px;position:relative;}<\/style>\n<section class=\"gsbp-838aba7 alignfull\"><style>.gsbp-263c29f{max-width:100%;width:var(--wp--style--global--wide-size,1200px);display:flex;flex-direction:row;column-gap:50px;row-gap:50px;flex-wrap:wrap;}.gsbp-263c29f>*:not(style):nth-of-type(2n+1){width:calc(55% - (50px * (2 - 1) \/ 2));}@media (max-width:991.98px){.gsbp-263c29f>*:not(style):nth-of-type(2n+1){width:calc(50% - (50px * (2 - 1) \/ 2));}}@media (max-width:575.98px){.gsbp-263c29f>*:not(style):nth-of-type(2n+1){width:100%;}}.gsbp-263c29f>*:not(style):nth-of-type(2n+2){width:calc(45% - (50px * (2 - 1) \/ 2));}@media (max-width:991.98px){.gsbp-263c29f>*:not(style):nth-of-type(2n+2){width:calc(50% - (50px * (2 - 1) \/ 2));}}@media (max-width:575.98px){.gsbp-263c29f>*:not(style):nth-of-type(2n+2){width:100%;}}.gsbp-263c29f{flex-wrap:wrap;}<\/style>\n<div class=\"gsbp-263c29f\">\n<div><style>.gsbp-02e801e{vertical-align:middle;}.gsbp-02e801e{object-fit:fill;}.gsbp-02e801e{border-top-left-radius:45px;border-top-right-radius:45px;border-bottom-right-radius:45px;border-bottom-left-radius:45px;}<\/style>\n<img loading=\"lazy\" decoding=\"async\" class=\"gsbp-02e801e wp-image-67\" src=\"https:\/\/hellingerkft.hu\/wp-content\/uploads\/2025\/07\/Nevtelen-terv.png\" alt=\"Hellinger ac\u00e9lszerkezet gy\u00e1rt\u00e1s B\u00e1tasz\u00e9k\" width=\"600\" height=\"500\" loading=\"lazy\" srcset=\"https:\/\/hellingerkft.hu\/wp-content\/uploads\/2025\/07\/Nevtelen-terv.png 600w, https:\/\/hellingerkft.hu\/wp-content\/uploads\/2025\/07\/Nevtelen-terv-300x250.png 300w\" sizes=\"auto, (max-width: 600px) 100vw, 600px\" \/>\n<\/div>\n\n\n<style>.gsbp-48cc27f{justify-self:center;align-self:center;}<\/style>\n<div class=\"gsbp-48cc27f\">\n<div class=\"gs_content_inner\"><style>.gsbp-f37cf57{padding-bottom:30px;border-bottom-width:1px;border-bottom-style:solid;border-bottom-color:#00000012;}<\/style>\n<div class=\"gsbp-f37cf57\"><style>.gsbp-8950100{font-size:13px;padding-top:4px;padding-bottom:4px;padding-right:12px;padding-left:12px;background-color:#ffffff;display:inline-block;margin-bottom:10px;border-width:1px;border-style:solid;border-color:#00000012;border-bottom-left-radius:35px;border-bottom-right-radius:35px;border-top-left-radius:35px;border-top-right-radius:35px;}<\/style>\n<div class=\"gsbp-8950100\">Hellinger Kft.<\/div>\n\n\n<style>.gsbp-6b90d2c{font-size:48px;line-height:56px;font-weight:500;margin-top:0px;margin-bottom:15px;}<\/style>\n<h2 class=\"gsbp-6b90d2c\">A Hellinger Kft. 2010 \u00f3ta m\u0171k\u00f6dik B\u00e1tasz\u00e9ken<\/h2>\n\n\n<style>.gsbp-d3781ae{margin-bottom:30px;font-size:15px;}<\/style>\n<div class=\"gs_opacity_75 gsbp-d3781ae\">A HELLINGER Kft. csal\u00e1di v\u00e1llalkoz\u00e1sk\u00e9nt indult, \u00e9s 2010 \u00f3ta m\u0171k\u00f6dik korl\u00e1tolt felel\u0151ss\u00e9g\u0171 t\u00e1rsas\u00e1gk\u00e9nt. Az \u00e9vek sor\u00e1n folyamatosan b\u0151v\u00edtett\u00fck tapasztalatainkat \u00e9s szolg\u00e1ltat\u00e1sainkat, mik\u00f6zben meg\u0151rizt\u00fck alapelveinket: megb\u00edzhat\u00f3s\u00e1g, precizit\u00e1s \u00e9s a min\u0151s\u00e9gi kivitelez\u00e9s ir\u00e1nti elk\u00f6telezetts\u00e9g.<\/div>\n<style>.gs_opacity_75{opacity:0.75}<\/style>\n\n<style>.gsbp-842cef7{list-style:none;}.gs_icon_list_checkmarks{margin-top:0px;margin-bottom:0px;margin-left:0px;margin-right:0px;padding-top:0px;padding-bottom:0px;padding-left:0px;padding-right:0px;flex-direction:row;row-gap:20px;font-size:15px;column-gap:20px;display:flex;}.gs_icon_list_checkmarks .icon-list-item{display:flex;flex-direction:row;align-items:center;column-gap:10px;}.gs_icon_list_checkmarks .icon-list-wrapper{background-color:#3b00f514;display:flex;flex-direction:column;justify-content:center;align-items:center;border-bottom-left-radius:50%;border-bottom-right-radius:50%;border-top-left-radius:50%;border-top-right-radius:50%;}.gs_icon_list_checkmarks .icon-list-icon{width:18px;height:18px;fill:var(--wp--preset--color--primary,#ff7345);}.gsbp-842cef7{font-size:14px;}<\/style>\n<ul class=\"gs_icon_list_checkmarks gsbp-842cef7\">\n<li class=\"icon-list-item\">\n<div class=\"icon-list-wrapper\">\n<svg viewBox=\"0 0 1024 1024\" width=\"1024\" height=\"1024\" class=\"icon-list-icon\"><path d=\"M1008 512c0 273.934-222.066 496-496 496s-496-222.066-496-496 222.066-496 496-496 496 222.066 496 496zM454.628 774.628l368-368c12.496-12.496 12.496-32.758 0-45.254l-45.254-45.254c-12.496-12.498-32.758-12.498-45.256 0l-300.118 300.116-140.118-140.118c-12.496-12.496-32.758-12.496-45.256 0l-45.254 45.254c-12.496 12.496-12.496 32.758 0 45.254l208 208c12.498 12.498 32.758 12.498 45.256 0.002z\" \/><\/svg>\n<\/div>\n\n\n\n<div class=\"icon-list-text\">Pontos tervez\u00e9s<\/div>\n<\/li>\n\n\n\n<li class=\"icon-list-item\">\n<div class=\"icon-list-wrapper\">\n<svg viewBox=\"0 0 1024 1024\" width=\"1024\" height=\"1024\" class=\"icon-list-icon\"><path d=\"M1008 512c0 273.934-222.066 496-496 496s-496-222.066-496-496 222.066-496 496-496 496 222.066 496 496zM454.628 774.628l368-368c12.496-12.496 12.496-32.758 0-45.254l-45.254-45.254c-12.496-12.498-32.758-12.498-45.256 0l-300.118 300.116-140.118-140.118c-12.496-12.496-32.758-12.496-45.256 0l-45.254 45.254c-12.496 12.496-12.496 32.758 0 45.254l208 208c12.498 12.498 32.758 12.498 45.256 0.002z\" \/><\/svg>\n<\/div>\n\n\n\n<div class=\"icon-list-text\">Min\u0151s\u00e9gi alapanyagok<\/div>\n<\/li>\n<\/ul>\n<\/div>\n<\/div>\n<\/div>\n<\/div>\n<\/section>\n\n\n\n<div class=\"wp-block-uagb-container uagb-block-9968c370 default uagb-is-root-container\">\n<p class=\"has-text-align-center has-text-color has-link-color has-superbfont-large-font-size wp-elements-0040dca7ba6256c3b7f2f123c54a4bb4\" style=\"color:#062a20\"><strong>Alapelveink \u00e9s c\u00e9ljaink:<\/strong><\/p>\n\n\n\n<ul class=\"wp-block-list\">\n<li>Pontos, hat\u00e1rid\u0151re t\u00f6rt\u00e9n\u0151 teljes\u00edt\u00e9s<\/li>\n\n\n\n<li>\u00c1tl\u00e1that\u00f3, korrekt egy\u00fcttm\u0171k\u00f6d\u00e9s<\/li>\n\n\n\n<li>Magas sz\u00ednvonal\u00fa, tart\u00f3s m\u0171szaki megold\u00e1sok<\/li>\n\n\n\n<li>Projektek, amelyek hossz\u00fa t\u00e1von is \u00e9rt\u00e9ket k\u00e9pviselnek<\/li>\n\n\n\n<li>C\u00e9lunk, hogy munk\u00e1nkkal nemcsak \u00e9p\u00fcleteket hozzunk l\u00e9tre, hanem olyan eredm\u00e9nyeket, amelyekre \u00fcgyfeleink \u00e9s mi magunk is b\u00fcszk\u00e9k lehet\u00fcnk.<\/li>\n<\/ul>\n<\/div>\n","protected":false},"excerpt":{"rendered":"<p>R\u00f3lunk Alapelveink \u00e9s c\u00e9ljaink:<\/p>\n","protected":false},"author":1,"featured_media":0,"parent":0,"menu_order":0,"comment_status":"closed","ping_status":"closed","template":"","meta":{"_gspb_post_css":"","_uag_custom_page_level_css":"","footnotes":""},"class_list":["post-66","page","type-page","status-publish","hentry"],"uagb_featured_image_src":{"full":false,"thumbnail":false,"medium":false,"medium_large":false,"large":false,"1536x1536":false,"2048x2048":false},"uagb_author_info":{"display_name":"admin","author_link":"https:\/\/hellingerkft.hu\/?author=1"},"uagb_comment_info":0,"uagb_excerpt":"R\u00f3lunk Alapelveink \u00e9s c\u00e9ljaink:","_links":{"self":[{"href":"https:\/\/hellingerkft.hu\/index.php?rest_route=\/wp\/v2\/pages\/66","targetHints":{"allow":["GET"]}}],"collection":[{"href":"https:\/\/hellingerkft.hu\/index.php?rest_route=\/wp\/v2\/pages"}],"about":[{"href":"https:\/\/hellingerkft.hu\/index.php?rest_route=\/wp\/v2\/types\/page"}],"author":[{"embeddable":true,"href":"https:\/\/hellingerkft.hu\/index.php?rest_route=\/wp\/v2\/users\/1"}],"replies":[{"embeddable":true,"href":"https:\/\/hellingerkft.hu\/index.php?rest_route=%2Fwp%2Fv2%2Fcomments&post=66"}],"version-history":[{"count":10,"href":"https:\/\/hellingerkft.hu\/index.php?rest_route=\/wp\/v2\/pages\/66\/revisions"}],"predecessor-version":[{"id":218,"href":"https:\/\/hellingerkft.hu\/index.php?rest_route=\/wp\/v2\/pages\/66\/revisions\/218"}],"wp:attachment":[{"href":"https:\/\/hellingerkft.hu\/index.php?rest_route=%2Fwp%2Fv2%2Fmedia&parent=66"}],"curies":[{"name":"wp","href":"https:\/\/api.w.org\/{rel}","templated":true}]}}